{"id":32,"date":"2025-07-15T04:37:30","date_gmt":"2025-07-15T04:37:30","guid":{"rendered":"https:\/\/baansukhumvit.com\/soi20\/home\/"},"modified":"2025-08-21T09:15:38","modified_gmt":"2025-08-21T09:15:38","slug":"home","status":"publish","type":"page","link":"https:\/\/www.baansukhumvit.com\/soi20\/","title":{"rendered":"Home"},"content":{"rendered":"\n\n\n\n\n\n\n\n<h2>WHERE TIMELESS THAI DESIGN MEET COZY COMFORT<\/h2>\n\nA perfect haven for travelers seeking tranquility without missing out on Bangkok\u2019s vibrant energy. Just a short stroll away are the Asok BTS Skytrain and Sukhumvit MRT stations, offering seamless access across the city. Within a 15-minute walk, guests can explore four iconic luxury shopping malls, two of Bangkok\u2019s major green parks, and the bustling Sukhumvit scene \u2014 filled with markets, food stalls, restaurants, and lively bars.\n\n<h2>WHERE TIMELESS THAI DESIGN MEET COZY COMFORT<\/h2>\nA perfect haven for travelers seeking tranquility without missing out on Bangkok\u2019s vibrant energy. Just a short stroll away are the Asok BTS Skytrain and Sukhumvit MRT stations, offering seamless access across the city. Within a 15-minute walk, guests can explore four iconic luxury shopping malls, two of Bangkok\u2019s major green parks, and the bustling Sukhumvit scene \u2014 filled with markets, food stalls, restaurants, and lively bars.\n\n\n\n\n\n\n\n\n<p style=\"text-align: center;\"><span style=\"font-family: Montserrat; font-size: medium; text-align: center;\">Please review the following guidelines to ensure a safe and enjoyable experience.<\/span><\/p>\n\n\n\n\n\n\n\n<p><\/p><ul><li><span style=\"font-size: large; font-family: Quicksand;\">Check-in time : 1.00 PM<\/span><\/li><li>\n<span style=\"font-size: large; font-family: Quicksand;\">Check-out time :&nbsp; 12.00 PM (Noon)<\/span><\/li><\/ul><p><\/p>\n\n\n\n\n\n\n\n<p><ul><li><span style=\"font-size: large; font-family: Quicksand;\">Early check-in and late check-out are subject to availability. \n<\/span><\/li><li>\n<span style=\"font-size: large; font-family: Quicksand;\">The late check-out till 6.00 PM has an additional cost at 50% of the daily room rate.<\/span><\/li><\/ul><\/p>\n\n\n\n\n\n\n\n<p><ul><li><span style=\"font-size: large; font-family: Quicksand;\">Smoking is prohibited in all guest rooms and indoor area.\n<\/span><\/li><li><span style=\"font-size: large; font-family: Quicksand;\">\nDesignated smoking area is available outside.\n<\/span><\/li><li><span style=\"font-size: large; font-family: Quicksand;\">\nA cleaning fee of THB 5,000 applies for smoking in non-smoking areas.<\/span><\/li><\/ul>\n<\/p>\n\n\n\n\n\n\n\n<p><\/p><ul><li><font face=\"Quicksand\" size=\"4\">No parking available<\/font><\/li><\/ul>\n<p><\/p>\n\n\n\n\n\n\n\n<p><\/p><ul><li><font face=\"Quicksand\" size=\"4\">The third adult guest has additional charge at THB 400\/night.&nbsp;<\/font><\/li><li><font face=\"Quicksand\" size=\"4\">Children under 7 years old can share the same bed with their parents without additional charge.<\/font><\/li><li><font face=\"Quicksand\" size=\"4\">Children over 7 years old will be counted as the third adult guest.<\/font><\/li><\/ul>\n<p><\/p>\n\n\n\n\n\n\n\n\n\n\n\n\n\n\n\n\n\n\n\n\n<h2>ROOM TYPES<\/h2>\n\n\n\n\n<p style=\"text-align: left;\"><span style=\"font-size: large; color: rgb(102, 61, 0); font-family: Quicksand;\">1 King size bed&nbsp; |&nbsp; 17 sq.m. |&nbsp; 2 Guests<\/span><\/p>\n\n\n<p style=\"text-align: left;\"><span style=\"font-size: large; color: rgb(102, 61, 0); font-family: Quicksand;\">2 Single beds&nbsp; |&nbsp; 18 sq.m. |&nbsp; 2 Guests<\/span><\/p>\n\n\n\n\n\n\n\n\n\n\n\n\n<h2>Facilities &amp; services<\/h2>\n\n\n\n\n<h2>facilities&nbsp;<\/h2>\n\n\n\n\n\nFree WIFI\n\n\n\nElevator\n\n\n\nNo Smoking\n\n\n\n\n\nLuggage Storage\n\n\n\nRestaurant\n\n\n\nNo Parking\n\n\n\n\n\n\n\n\n\n24-Hour Receptionists\n\n\n\nBreakfast\n\n\n\nLaundry\n\n\n\n\n\nLate Check-out\n\n\n\nRoom Cleaning\n\n\n\nTaxi to Airport\n\n\n\n\n<h2>\n\nservices&nbsp;<\/h2>\n\n\n\n\n\n<h2>location<\/h2>\n\n\nBangkok\u2019s Prime Location to Live and Move\nBangkok\u2019s Prime Location to Live and Move\n\n\n\n\n\n\n<iframe src=\"https:\/\/www.google.com\/maps\/embed?pb=!1m14!1m8!1m3!1d3875.7120888321324!2d100.563333!3d13.735873!3m2!1i1024!2i768!4f13.1!3m3!1m2!1s0x30e29f9fe53b0c27%3A0xcfe30c4b65dbd7ab!2sBaan%20Sukhumvit%20Inn%20Soi%2020!5e0!3m2!1sen!2sth!4v1755226894090!5m2!1sen!2sth\" width=\"100%\" height=\"800\" style=\"border:0;\" allowfullscreen=\"\" loading=\"lazy\" referrerpolicy=\"no-referrer-when-downgrade\"><\/iframe>\n\n\n\n\n\n\n\n\n<h2>NEARBY ATTRACTIONS<\/h2>\n\n\n<table align=\"center\" width=\"100%\">\n<tbody>\n<tr>\n<td align=\"left\"><\/td><\/tr><\/tbody><\/table><span style=\"font-family: Quicksand; font-size: large;\"><table align=\"center\" width=\"100%\"><tbody><tr><td align=\"left\">Emsphere<\/td>\n<td align=\"right\">0.5 km<\/td>\n<\/tr>\n<tr>\n<td align=\"left\">Terminal 21<\/td>\n<td align=\"right\">0.7 km<\/td>\n<\/tr>\n<tr>\n<td align=\"left\">Central World<\/td>\n<td align=\"right\">3.2 km<\/td>\n<\/tr>\n<tr>\n<td align=\"left\">Platinum<\/td>\n<td align=\"right\">3.6 km<\/td>\n<\/tr>\n<tr>\n<td align=\"left\">Siam Paragon<\/td>\n<td align=\"right\">3.6 km<\/td>\n<\/tr>\n<tr>\n<td align=\"left\">MBK<\/td>\n<td align=\"right\">4.1 km<\/td>\n<\/tr>\n<\/tbody>\n<\/table><\/span>\n\n\n<span style=\"font-family: Quicksand; font-size: large;\"><table align=\"center\" width=\"100%\">\n<tbody>\n<tr>\n<td align=\"left\">BTS : Asok<\/td>\n<td align=\"right\">0.7 km<\/td>\n<\/tr>\n<tr>\n<td align=\"left\">MRT : Sukhumvit<\/td>\n<td align=\"right\">0.7 km<\/td>\n<\/tr>\n<tr>\n<td align=\"left\">ARL : Makkasan<\/td>\n<td align=\"right\">2.5 km<\/td>\n<\/tr>\n<tr>\n<td align=\"left\">Krung Thep Aphiwat <\/td>\n<td align=\"right\">11.0 km<\/td>\n<\/tr>\n<tr>\n<td align=\"left\">Don Mueang Airport<\/td>\n<td align=\"right\">23.1 km<\/td>\n<\/tr>\n<tr>\n<td align=\"left\">Suvarnabhumi Airport<\/td>\n<td align=\"right\">32.0 km<\/td><\/tr><\/tbody><\/table><\/span><table align=\"center\" width=\"240\"><tbody><tr><td align=\"right\"><\/td>\n<\/tr>\n<\/tbody>\n<\/table>\n\n\n<span style=\"font-family: Quicksand; font-size: large;\"><table align=\"center\" width=\"100%\">\n<tbody>\n<tr>\n<td align=\"left\">Soi Cowboy<\/td>\n<td align=\"right\">0.5 km<\/td>\n<\/tr>\n<tr>\n<td align=\"left\">Benchasiri Park<\/td>\n<td align=\"right\">0.6 km<\/td>\n<\/tr>\n<tr>\n<td align=\"left\">Benjakiti Park<\/td>\n<td align=\"right\">1.2 km<\/td>\n<\/tr>\n<tr>\n<td align=\"left\">QSNCC<\/td>\n<td align=\"right\">1.9 km<\/td>\n<\/tr>\n<tr>\n<td align=\"left\">Erawan Shrine<\/td>\n<td align=\"right\">3.0 km<\/td>\n<\/tr>\n<tr>\n<td align=\"left\">Lumpini Park<\/td>\n<td align=\"right\">3.3 km<\/td><\/tr><\/tbody><\/table><\/span><table align=\"center\" width=\"240\"><tbody><tr><td align=\"right\"><\/td>\n<\/tr>\n<\/tbody>\n<\/table>\n\n\n\n\n\n\n\n\n<h2>GAllERY<\/h2>\n\n\n\n\n\n\n\n\n\n\n\n\n\n\n\n\n\n\n\n\n\n\n\n\n\n\n\n\n\n\n\n\n\n\n\n\n\n\n\n\n\n\n\n\n\n\n\n\n\n<h2>Guest experiences<\/h2>\n\n<p><font color=\"#20231f\" style=\"font-size: large; font-family: Quicksand;\">This is our home from home every time we visit Bangkok, the staff who never change are like old friends and we wouldn&#8217;t dream of staying anywhere else.<\/font><\/p>\n<p><font color=\"#20231f\" style=\"font-size: large; font-family: Quicksand;\">Great location! At the end of a quiet soi close to restaurant\u2019s, massage spas, Benchasiri park, EMSphere and the Asoke BTS (10 min).\nCold A\/C, Good water pressure and a comfortable bed. Perfect!<\/font><\/p>\n<p><font color=\"#20231f\" style=\"font-size: large; font-family: Quicksand;\">Very friendly staff, who were accommodating with our requests. Location around Sukhumvit and Asoke is great, and the price was reasonable. The room was beautiful, spacious and quiet. A\/C worked well.<\/font><\/p>\n<p><font color=\"#20231f\" style=\"font-size: large; font-family: Quicksand;\">A hidden gem, right in the center of Bangkok with the friendliest staff I&#8217;ve ever met in a long life of travelling worldwide. They made me feel at home since I first stepped inside the lobby.\n\nHighly recommended.<\/font><\/p>\n<p><font color=\"#20231f\" style=\"font-family: Quicksand; font-size: large;\">Exceptional experience! The rooms were immaculate and felt brand new, providing a perfect blend of comfort and luxury. The host was graceful and attentive. The prime location. Overall, it was an unforgettable getaway that I highly recommend.<\/font><\/p>\n<p><font color=\"#20231f\" style=\"font-size: large; font-family: Quicksand;\">Ce petit h\u00f4tel discret, cach\u00e9 au fond du Soi20, vous r\u00e9servera un accueil sympathique et amical gr\u00e2ce \u00e0 son personnel souriant et sa g\u00e9rante.. Malgr\u00e9 sa proximit\u00e9 avec l&#8217;avenue de Sukhumvit, on y est relativement au calme. Vraiment un bon rapport qualit\u00e9-prix.<\/font><\/p>\n<p><font color=\"#20231f\" style=\"font-size: large; font-family: Quicksand;\">I&#8217;ve stayed here probably 50 times or more over the past 10 years or so .\nRooms are small but comfortable enough for a solo traveler. Staff have been the same for as long as I can remember and all good. For anyone needing a short stay give it a go.<\/font><\/p>\n<p><font color=\"#20231f\" style=\"font-size: large; font-family: Quicksand;\">Gegend und Lage ist perfekt (Essen, Bars, Einkaufszentren, Essensm\u00e4rkte, Bahnverbindung&#8230; alles!). Bin viel unterwegs gewesen in Bangkok, hier hats mir am meisten gefallen.<\/font><\/p>\n<p><font color=\"#20231f\" style=\"font-size: large; font-family: Quicksand;\">Et lille hyggeligt hotel, der ligger supergodt i enden af en lille gyde. Metro og 7\/11 lige i n\u00e6rheden. Superflinkt og hj\u00e6lpsomt materiale. Perfekt hvis man gerne vil v\u00e6re helt t\u00e6t p\u00e5 centrum i Bangkok og m\u00e6rke the buzz. Jeg kommer i hvert fald tilbage.<\/font><\/p>\n\n\n\n\n\n\n\n\n\n\n\n<h2>CONTACT US<\/h2>\n<hr width=\"100%;\" color=\"white\" size=\"3\">\n<a href=\"tel:+6622585622\"><span style=\"font-size: 20px; font-family: Quicksand; color: rgb(255, 255, 255);\">+66 (0)2-258-5622<\/span><\/a>\n<a href=\"mailto:baansukhumvit@yahoo.co.th\"><span style=\"font-size: 20px; font-family: Quicksand; color: rgb(255, 255, 255);\">baansukhumvit@yahoo.co.th<\/span><\/a>\n<a href=\"https:\/\/maps.app.goo.gl\/YrMzhnHMjHMGJYyJ7\"><span style=\"font-size: 20px; font-family: Quicksand; color: rgb(255, 255, 255);\">392\/38-39 Sukhumvit Soi 20 Sukhumvit Rd., Klongtoey Bangkok, Thailand, 10110<\/span><\/a>\n<a href=\"https:\/\/www.facebook.com\/baansukhumvitinn\"><span style=\"font-size: 20px; font-family: Quicksand; color: rgb(255, 255, 255);\">Facebook: Baan Sukhumvit Inn<\/span><\/a>\n\n\n\n\n\n","protected":false},"excerpt":{"rendered":"","protected":false},"author":1,"featured_media":0,"parent":0,"menu_order":0,"comment_status":"closed","ping_status":"closed","template":"","meta":{"pagelayer_contact_templates":[],"_pagelayer_content":"","footnotes":""},"class_list":["post-32","page","type-page","status-publish","hentry"],"_links":{"self":[{"href":"https:\/\/www.baansukhumvit.com\/soi20\/wp-json\/wp\/v2\/pages\/32","targetHints":{"allow":["GET"]}}],"collection":[{"href":"https:\/\/www.baansukhumvit.com\/soi20\/wp-json\/wp\/v2\/pages"}],"about":[{"href":"https:\/\/www.baansukhumvit.com\/soi20\/wp-json\/wp\/v2\/types\/page"}],"author":[{"embeddable":true,"href":"https:\/\/www.baansukhumvit.com\/soi20\/wp-json\/wp\/v2\/users\/1"}],"replies":[{"embeddable":true,"href":"https:\/\/www.baansukhumvit.com\/soi20\/wp-json\/wp\/v2\/comments?post=32"}],"version-history":[{"count":370,"href":"https:\/\/www.baansukhumvit.com\/soi20\/wp-json\/wp\/v2\/pages\/32\/revisions"}],"predecessor-version":[{"id":1104,"href":"https:\/\/www.baansukhumvit.com\/soi20\/wp-json\/wp\/v2\/pages\/32\/revisions\/1104"}],"wp:attachment":[{"href":"https:\/\/www.baansukhumvit.com\/soi20\/wp-json\/wp\/v2\/media?parent=32"}],"curies":[{"name":"wp","href":"https:\/\/api.w.org\/{rel}","templated":true}]}}